{"id":87,"date":"2017-10-07T11:33:33","date_gmt":"2017-10-07T11:33:33","guid":{"rendered":"https:\/\/inforequisitos.com\/es\/?page_id=87"},"modified":"2019-01-27T18:31:01","modified_gmt":"2019-01-27T18:31:01","slug":"quienes-somos","status":"publish","type":"page","link":"https:\/\/inforequisitos.com\/es\/quienes-somos\/","title":{"rendered":"\u00bfQuienes somos?"},"content":{"rendered":"<p>Inforequisitos es m\u00e1s que un grupo, un c\u00edrculo de profesionales, periodistas y redactores a la orden del d\u00eda. Recopilando informaci\u00f3n de distintos servicios y organizaciones tanto p\u00fablicas como privadas.<\/p>\n<p>Hemos creado este portal con el fin de aplicar mis conocimientos web e informaci\u00f3n de m\u00faltiples instituciones y portales oficiales, tratando de clarear el contexto y ense\u00f1ar de una manera m\u00e1s f\u00e1cil, procedimientos y requisitos para actividades y tareas de la vida cotidiana.<\/p>\n<p>Actualmente, baso mi trabajo en organizaciones y webs muy importantes del sector.<\/p>\n<p>Gobierno de M\u00e9xico<\/p>\n<p><a href=\"https:\/\/www.gob.mx\/\" target=\"_blank\" rel=\"noopener\">https:\/\/www.gob.mx\/<\/a><\/p>\n<p>Gobierno de Venezuela<\/p>\n<div class=\"f hJND5c TbwUpd\"><a href=\"http:\/\/www.mppef.gob.ve\/\" target=\"_blank\" rel=\"noopener\"><cite class=\"iUh30\">www.mppef.gob.ve\/<br \/>\n<\/cite><\/a><\/div>\n<p>Gobierno de Espa\u00f1a<\/p>\n<p><a href=\"https:\/\/sede.sepe.gob.es\/portalSede\/flows\/inicio\" target=\"_blank\" rel=\"noopener\">https:\/\/sede.sepe.gob.es\/portalSede\/flows\/inicio<\/a><\/p>\n<p>Organizaciones Destacadas<\/p>\n<p><a href=\"https:\/\/www.inadem.gob.mx\/\" target=\"_blank\" rel=\"noopener\">https:\/\/www.inadem.gob.mx\/<\/a><\/p>\n<p>&nbsp;<\/p>\n<p>&nbsp;<\/p>\n","protected":false},"excerpt":{"rendered":"<p>Inforequisitos es m\u00e1s que un grupo, un c\u00edrculo de profesionales, periodistas y redactores a la&hellip;<\/p>\n","protected":false},"author":1,"featured_media":0,"parent":0,"menu_order":0,"comment_status":"closed","ping_status":"closed","template":"","meta":[],"featured_image_urls":{"full":"","thumbnail":"","medium":"","medium_large":"","large":"","1536x1536":"","2048x2048":"","post-thumbnail":"","side-thumbnail":""},"post_excerpt_stackable":"<p>Inforequisitos es m\u00e1s que un grupo, un c\u00edrculo de profesionales, periodistas y redactores a la orden del d\u00eda. Recopilando informaci\u00f3n de distintos servicios y organizaciones tanto p\u00fablicas como privadas. Hemos creado este portal con el fin de aplicar mis conocimientos web e informaci\u00f3n de m\u00faltiples instituciones y portales oficiales, tratando de clarear el contexto y ense\u00f1ar de una manera m\u00e1s f\u00e1cil, procedimientos y requisitos para actividades y tareas de la vida cotidiana. Actualmente, baso mi trabajo en organizaciones y webs muy importantes del sector. Gobierno de M\u00e9xico https:\/\/www.gob.mx\/ Gobierno de Venezuela www.mppef.gob.ve\/ Gobierno de Espa\u00f1a https:\/\/sede.sepe.gob.es\/portalSede\/flows\/inicio Organizaciones Destacadas https:\/\/www.inadem.gob.mx\/ &nbsp;&hellip;<\/p>\n","category_list":"","author_info":{"name":"Info Requisitos","url":"https:\/\/inforequisitos.com\/es\/author\/inforeq89\/"},"comments_num":"0 comentarios","_links":{"self":[{"href":"https:\/\/inforequisitos.com\/es\/wp-json\/wp\/v2\/pages\/87"}],"collection":[{"href":"https:\/\/inforequisitos.com\/es\/wp-json\/wp\/v2\/pages"}],"about":[{"href":"https:\/\/inforequisitos.com\/es\/wp-json\/wp\/v2\/types\/page"}],"author":[{"embeddable":true,"href":"https:\/\/inforequisitos.com\/es\/wp-json\/wp\/v2\/users\/1"}],"replies":[{"embeddable":true,"href":"https:\/\/inforequisitos.com\/es\/wp-json\/wp\/v2\/comments?post=87"}],"version-history":[{"count":0,"href":"https:\/\/inforequisitos.com\/es\/wp-json\/wp\/v2\/pages\/87\/revisions"}],"wp:attachment":[{"href":"https:\/\/inforequisitos.com\/es\/wp-json\/wp\/v2\/media?parent=87"}],"curies":[{"name":"wp","href":"https:\/\/api.w.org\/{rel}","templated":true}]}}