{"id":4808,"date":"2023-02-04T11:23:49","date_gmt":"2023-02-04T11:23:49","guid":{"rendered":"https:\/\/inforequisitos.com\/es\/?page_id=4808"},"modified":"2023-02-04T11:53:26","modified_gmt":"2023-02-04T11:53:26","slug":"salir-de-asnef","status":"publish","type":"page","link":"https:\/\/inforequisitos.com\/es\/salir-de-asnef\/","title":{"rendered":"Salir de ASNEF en 24H \u00bfEs posible?: Est\u00e1s son las mejores opciones"},"content":{"rendered":"\n<p>En las \u00faltimas d\u00e9cadas muchas han sido las personas que han experimentado como su nombre y apellido eran incluidos en una <a href=\"http:\/\/www.asnef.com\/\" target=\"_blank\" rel=\"noopener\">lista de morosos<\/a>. <\/p>\n\n\n\n<p>Un retraso m\u00ednimo en el pago de una hipoteca, el impago en la tarjeta de cr\u00e9dito de un descubierto, un recibo devuelto por una entidad bancaria. En fin, las causas pueden ser diversas, pero lo cierto es, que han sido muchas las personas que por este motivo han sido v\u00edctimas de una sorpresa desagradable. <\/p>\n\n\n\n<p>Si al momento de realizar una solicitud para un cr\u00e9dito, o simplemente por hacer una portabilidad han comprobado que su nombre aparece en ASNEF,  hoy te <strong>explicamos c\u00f3mo salir del asnef<\/strong>, tanto si es posible hacerlo en 24h.<\/p>\n\n\n\n<h2><strong>\u00bfC\u00f3mo salir de ASNEF lo m\u00e1s urgente pagando la deuda?<\/strong><\/h2>\n\n\n\n<p>Una excelente alternativa son las empresas privadas que ofrecen entre sus servicios la posibilidad de gestionar la baja para que el <strong>deudor salga de ASNEF en un plazo de 24h - 48 horas.<\/strong><\/p>\n\n\n\n<p>Pero es importante recordar que <strong>la manera m\u00e1s r\u00e1pida de salir de ASNEF es pagando la deuda<\/strong> que se contrajo. Una vez cancelada o pagada la cantidad total de la deuda la empresa acreedora debe ordenar al fichero de ASNEF que proceda a eliminar los datos y que actualice su listado de morosos.<\/p>\n\n\n\n<p>En caso de que no se conozca la cantidad exacta de la deuda el primer paso que se debe para la devoluci\u00f3n del dinero es contactar al propio fichero o a la empresa acreedora, para que estos confirmen la cantidad y a cu\u00e1nto asciende la deuda.<\/p>\n\n\n\n<p>Para <strong>contactar con esta entidad<\/strong> se puede enviar un email dirigido al departamento encargado de atenci\u00f3n al cliente, al \u00e1rea de reclamos o a la de facturaci\u00f3n, el email se dirigir\u00e1 a quien corresponda, pidiendo en \u00e9l una justificaci\u00f3n junto a los tres requisitos por los que fundamentales por los cuales <strong>otorgaron el alta en ASNEF.<\/strong><\/p>\n\n\n\n<p>A saber:<\/p>\n\n\n\n<ul>\n<li>Que exista realmente una deuda cierta que est\u00e9 vencida e impagada.<\/li>\n\n\n\n<li>Que la antig\u00fcedad de la deuda no sobrepase m\u00e1s de seis a\u00f1os.<\/li>\n\n\n\n<li>Que se previamente se hubieran realizado para quien correspondiera los requerimientos de pago de la deuda.<\/li>\n<\/ul>\n\n\n\n<p>En caso tal de no haber cumplido ninguna de las condiciones anteriores simplemente se debe proceder con el abono de la deuda para <strong>luego presentar a ASNEF un extracto de la transferencia <\/strong>adjunto a una copia de la factura y de todos los documentos necesarios para la acreditaci\u00f3n del pago. De esta manera podr\u00e1n eliminar los datos en <strong>un plazo aproximado de 10 y 20 d\u00edas<\/strong>, tras los cuales se remitir\u00e1 una respuesta que certificar\u00e1 la baja del fichero.<\/p>\n\n\n\n<p>Si se considera que la inclusi\u00f3n de los<strong> datos en el fichero en ASNEF<\/strong> es injustificada se puede dirigir la solicitud de manera directa a <strong>EQUIFAX<\/strong>.<\/p>\n\n\n\n<p>En dicha solicitud ser\u00e1n incluidos de manera obligatoria los siguientes campos: nombres y apellidos, raz\u00f3n social, <strong>CIF\/DNI<\/strong>, domicilio de contacto, los datos que se consideren incorrectos y que se deseen cancelar o rectificar y por \u00faltimo la fecha de petici\u00f3n y la firma.<\/p>\n\n\n\n<p>Adem\u00e1s hay que <strong>adjuntar una copia del DNI<\/strong> junto a toda la documentaci\u00f3n que se considere oportuna a fin de poder demostrar que la inclusi\u00f3n en la lista en ASNEF no es justificada.<\/p>\n\n\n\n<p>Las<strong> v\u00edas a trav\u00e9s de las que es posible realizar contacto <\/strong>son las siguientes:<\/p>\n\n\n\n<ul>\n<li><strong>Tel\u00e9fonos de atenci\u00f3n al consumidor 917-814-400<\/strong><\/li>\n\n\n\n<li><strong>Correo-Postal; apartado de correos 10.546, 28080 Madrid<\/strong><\/li>\n\n\n\n<li><strong>Email de servicio atenci\u00f3n al consumidor <a href=\"mailto:sac@equifax.es\">sac@equifax.es<\/a><\/strong><\/li>\n<\/ul>\n\n\n\n<p>Al las personas utilizar estos medios de contacto el personal de EQUFAX tras recibir una solicitud, contactar\u00e1 con la compa\u00f1\u00eda que haya solicitado la inclusi\u00f3n de una empresa o de un aut\u00f3nomo en sus ficheros para as\u00ed contrastar los datos y poder ofrecer una respuesta definitiva. Esto en un plazo de 10 d\u00edas.<\/p>\n\n\n\n<p>Si es necesario, existe tambi\u00e9n la disponibilidad de apegarse a la <strong>Ley de Protecci\u00f3n de Datos <\/strong>que otorga el <strong>derecho ARCO<\/strong>, es una ley que protege todos nuestros datos en el fichero de morosos.<\/p>\n\n\n\n<h2><strong>\u00bfCu\u00e1ndo es posible solicitar la eliminaci\u00f3n de los datos de ASNEF?<\/strong><\/h2>\n\n\n\n<p>Para que un nombre haya sido incluido en el listado de morosos de ASNEF, de manera previa deben haberse cumplido ciertos puntos o los criterios que no todas las compa\u00f1\u00edas suelen respetar. En caso de incumplimiento de alguno de los siguientes requisitos estar\u00e1n los deudores en todo su derecho de realizar una solicitud de rectificaci\u00f3n o cancelaci\u00f3n, esto en caso de alguna inexactitud de los datos si son cumplidas las condiciones estipuladas a tal efecto de la legislaci\u00f3n (la ley).<\/p>\n\n\n\n<p>De esta manera es como se puede pedir la eliminaci\u00f3n de todos los datos de un deudor en ASNEF, en caso de que sean cumplidas algunas de estas condiciones:<\/p>\n\n\n\n<ul>\n<li>La deuda que fue reclamada tiene seis a\u00f1os de antig\u00fcedad.<\/li>\n\n\n\n<li>No le fue informado al deudor mediante una carta su inclusi\u00f3n en el listado de morosos.<\/li>\n\n\n\n<li>El importe reclamado no es real y\/o no est\u00e1 en conformidad con el mismo.<\/li>\n\n\n\n<li>No hay verificaci\u00f3n fehaciente de que el \u201cdeudor\u201d haya contra\u00eddo de manera unipersonal dicha deuda.<\/li>\n\n\n\n<li>Es indemostrable la deuda que ha sido reclamada.<\/li>\n\n\n\n<li>Se procedi\u00f3 al abono de una deuda y el nombre del \u201cdeudor\u201d sigue apareciendo como tal.<\/li>\n<\/ul>\n\n\n\n<p>Si procedi\u00f3 la eliminaci\u00f3n en los archivos de ASNEF de los datos de quien fue deudor, y no puede quedar constancia alguna de que en alg\u00fan momento se fue incluido en el fichero de morosos.<\/p>\n\n\n\n<p>Si en alg\u00fan momento se llegara a necesitar ayuda una opci\u00f3n es dirigirse a empresas como lo es la Agencia Espa\u00f1ola de Protecci\u00f3n Familiar. En ella se encontrar\u00e1 un buen asesoramiento adem\u00e1s profesional que le ayude a salir del fichero de ASNEF.&nbsp; Tambi\u00e9n ofrecen asesoramiento acerca de las posibilidades de apegarse a la ley de segunda oportunidad, esto claro \u00e9sta depender\u00e1 de la situaci\u00f3n en la que se encuentre la persona.<\/p>\n\n\n\n<h2><strong>\u00bfEn cu\u00e1nto tiempo borran a una persona de ASNEF?<\/strong><\/h2>\n\n\n\n<p>Generalmente la respuesta tiende a ser inmediata pero es menester saber que puede llegar a tardar al menos 10 d\u00edas. Sin embargo, es posible que los datos sigan formando parte del fichero de ASNEF durante un plazo de seis a\u00f1os m\u00e1ximo, siendo este el tiempo permitido por la ley. De todos modos, el aparecer en el listado tras haber cancelado la deuda no suele suceder, por esta raz\u00f3n pagar la deuda tiene que ser suficiente para que los datos sean eliminados del archivo.<\/p>\n\n\n\n<h2><strong>\u00bfEn qu\u00e9 afecta a una persona estar en el listado de ASNEF?<\/strong><\/h2>\n\n\n\n<p>La crisis fue la causante de un repunte en cuanto al n\u00famero de moras de deudas que provocaron que las consecuencias que conlleva el ser incluido en un fichero de morosos no lleguen a ser graves como lo eran alg\u00fan tiempo atr\u00e1s. Aun as\u00ed, siguen existiendo las consecuencias y entre las m\u00e1s importantes est\u00e1 la mayor dificultad a la hora de conseguir financiaci\u00f3n.<\/p>\n\n\n\n<p>El que simplemente el nombre de una persona aparezca en ASNEF es suficiente motivo para que de manera t\u00e1cita todas las entidades financieras a las que la persona acuda en b\u00fasqueda de un cr\u00e9dito su solicitud sea rechazada. Y la \u00fanica manera de conseguir de la entidad bancaria de luz verde y apruebe un cr\u00e9dito es demostrando que la inclusi\u00f3n en la ASNEF es solamente fruto de un error.<\/p>\n\n\n\n<p>En cuanto al caso de cantidades peque\u00f1as, por supuesto que existen entidades bancarias o financieras que si pueden conceder pr\u00e9stamos aun cuando la persona que lo solicita este en ASNEF. Sobre todo en aquellas entidades que est\u00e9n especializadas en concesiones de cr\u00e9ditos de forma r\u00e1pida. El gran problema es, que los intereses en estos casos son mucho mayores y las condiciones para el cumplimiento del plazo establecido son mucho m\u00e1s exigentes.<\/p>\n\n\n\n<p>Los aut\u00f3nomos y las empresas tambi\u00e9n pueden verse afectados por aparecer en listados de ASNEF, sobre todo si estos piensan o pretenden contratar proveedores nuevos, a los que les deber\u00e1n demostrar su solvencia de forma efectiva.<\/p>\n\n\n\n<p>Si se tiene un impago y la empresa, en este caso acreedora, reclama la cancelaci\u00f3n de la deuda es posible que figure en ASNEF como moroso. Sin importar de cu\u00e1nto se trate la deuda en cuesti\u00f3n, el simple hecho de ser titular de un impago que fue reclamado es motivo suficiente para pasar a formar parte del listado de ASNEF.<\/p>\n\n\n\n<p>El principal inconveniente de pertenecer a una lista ASNEF es que las entidades bancarias no gestionan cr\u00e9ditos de tipo personal hasta desaparecer del listado.<\/p>\n\n\n\n<h2>Preguntas frecuentes sobre c\u00f3mo salir del asnef<\/h2>\n\n\n\n<h3><strong>Se pag\u00f3 la deuda y siguen los datos en ASNEF<\/strong><\/h3>\n\n\n\n<p>En resumen, es un caso extra\u00f1o y se ha dado en alguna u otra ocasi\u00f3n. Hay quienes piensan que simplemente con pagar la deuda todo quedar\u00e1 solventado pero no es tan simple. Lo m\u00e1s conveniente es que sea el mismo \u201cdeudor\u201d quien inicie el proceso de eliminaci\u00f3n de los datos y no dejar esto&nbsp; en manos de la compa\u00f1\u00eda que incluy\u00f3 su nombre en el listado de morosos.<\/p>\n\n\n\n<p>En todo caso, si quien fuera el deudor lleva a cabo un reclamo por s\u00ed mismo o si se deja en manos de terceros, los pasos para lograr salir de ASNEF y obtener un soluci\u00f3n m\u00e1s que satisfactoria y conveniente para los intereses propios son estos:<\/p>\n\n\n\n<p>Darse de baja en ASNEF no consiste en un proceso simple o sencillo ni mucho menos. Es muy importante destacar que el darse de baja en ASNEF requiere algo de tiempo, dedicaci\u00f3n y mucho esfuerzo. Por esta raz\u00f3n no es extra\u00f1o ya que surgiera una cantidad considerable de empresas que est\u00e1n especializadas en llevar el proceso de todos estos tipos de tr\u00e1mites.<\/p>\n\n\n\n<h4><strong>En <a href=\"https:\/\/necesitodinerourgente.es\/\" target=\"_blank\" rel=\"noopener\">Necesito Dinero Urgente<\/a> te ayudamos a conseguir la financiaci\u00f3n que necesitas.<\/strong><\/h4>\n\n\n\n<h3><strong>\u00bfSalir sin pagar la deuda de ASNEF es posible?<\/strong><\/h3>\n\n\n\n<p>Ante las m\u00faltiples dudas por saber si es posible poder salir del fichero de morosos en ASNEF sin pagar absolutamente nada, se debe saber que los datos en el fichero no podr\u00e1n ser eliminados si la deuda no ha sido cancelada, y se eliminan solamente si la inclusi\u00f3n en el fichero se debe a una equivocaci\u00f3n, esa es la \u00fanica manera de que los datos sean eliminados sin paga pues no existe deuda.<\/p>\n\n\n\n<p>Es m\u00e1s, no es posible enviar una solicitud para la eliminaci\u00f3n de los datos del fichero sino hasta que la propia entidad acreedora valide que el pago de la deuda ya ha sido realizado de manera exitosa. Esta es la \u00fanica alternativa que puede darnos de baja notific\u00e1ndole a Equifax Ib\u00e9rica.<\/p>\n\n\n\n<p>Es posible que ocurra que no se est\u00e9 conforme con una deuda, o que administrativamente haya existido un error. En estos casos se puede realizar un reclamo a la entidad acreedora esperando solventar as\u00ed el incidente para luego hacer el reclamo de una solicitud de baja.<\/p>\n\n\n\n<p>En cambio s\u00ed lo \u00fanico que interesa es salir de la lista de ASNEF sin realizar pago alguno, en la ley est\u00e1 establecido que no se pueden incluir datos de \u00edndole personal que puedan enjuiciar la solvencia patrimonial de una persona durante plazos superiores a seis a\u00f1os. Una vez este plazo haya pasado o vencido ASNEF puede eliminar todos los datos de una persona de su fichero, esto no significa que la deuda ser\u00e1 eliminada.<\/p>\n\n\n\n<p>No se puede olvidar que una entidad acreedora no extingue su derecho de reclamar una deuda aun cuando los datos del deudor no aparezca en el fichero de morosos en ASNEF.<\/p>\n\n\n\n<h2><strong>\u00bfC\u00f3mo saber si se est\u00e1 en ASNEF?<\/strong><\/h2>\n\n\n\n<p>Si se est\u00e1n consciente y enterado de haber sido incluido en los listados de morosidad de ASNEF, o si existe la sospecha lo suficientemente seria de que es posible estar en un fichero de morosidad de ASNEF, el primer paso que se debe dar para lograr solventar esta situaci\u00f3n es proceder en la b\u00fasqueda de los datos que figuran en la lista o fichero mediante una solicitud de informe a EQUIFAX, esta es la sociedad gestora de todos los datos contenidos en ASNEF.<\/p>\n\n\n\n<p>En el mencionado informe que recibir\u00e1 el implicado se especificar\u00e1 la deuda por la cual se le ha incluido en el listado ASNEF, la fecha de esta, la empresa que solicit\u00f3 la inclusi\u00f3n en fichero de ASNEF y el n\u00famero de tel\u00e9fono para contactarla. Una vez se tenga este informe es el momento en el cual se inicia el paso a paso para salir de ASNEF de manera oportuna.<\/p>\n","protected":false},"excerpt":{"rendered":"<p>En las \u00faltimas d\u00e9cadas muchas han sido las personas que han experimentado como su nombre&hellip;<\/p>\n","protected":false},"author":1,"featured_media":0,"parent":0,"menu_order":0,"comment_status":"closed","ping_status":"closed","template":"","meta":[],"featured_image_urls":{"full":"","thumbnail":"","medium":"","medium_large":"","large":"","1536x1536":"","2048x2048":"","post-thumbnail":"","side-thumbnail":""},"post_excerpt_stackable":"<p>En las \u00faltimas d\u00e9cadas muchas han sido las personas que han experimentado como su nombre y apellido eran incluidos en una lista de morosos. Un retraso m\u00ednimo en el pago de una hipoteca, el impago en la tarjeta de cr\u00e9dito de un descubierto, un recibo devuelto por una entidad bancaria. En fin, las causas pueden ser diversas, pero lo cierto es, que han sido muchas las personas que por este motivo han sido v\u00edctimas de una sorpresa desagradable. Si al momento de realizar una solicitud para un cr\u00e9dito, o simplemente por hacer una portabilidad han comprobado que su nombre aparece&hellip;<\/p>\n","category_list":"","author_info":{"name":"Info Requisitos","url":"https:\/\/inforequisitos.com\/es\/author\/inforeq89\/"},"comments_num":"0 comentarios","_links":{"self":[{"href":"https:\/\/inforequisitos.com\/es\/wp-json\/wp\/v2\/pages\/4808"}],"collection":[{"href":"https:\/\/inforequisitos.com\/es\/wp-json\/wp\/v2\/pages"}],"about":[{"href":"https:\/\/inforequisitos.com\/es\/wp-json\/wp\/v2\/types\/page"}],"author":[{"embeddable":true,"href":"https:\/\/inforequisitos.com\/es\/wp-json\/wp\/v2\/users\/1"}],"replies":[{"embeddable":true,"href":"https:\/\/inforequisitos.com\/es\/wp-json\/wp\/v2\/comments?post=4808"}],"version-history":[{"count":2,"href":"https:\/\/inforequisitos.com\/es\/wp-json\/wp\/v2\/pages\/4808\/revisions"}],"predecessor-version":[{"id":4849,"href":"https:\/\/inforequisitos.com\/es\/wp-json\/wp\/v2\/pages\/4808\/revisions\/4849"}],"wp:attachment":[{"href":"https:\/\/inforequisitos.com\/es\/wp-json\/wp\/v2\/media?parent=4808"}],"curies":[{"name":"wp","href":"https:\/\/api.w.org\/{rel}","templated":true}]}}