{"id":4763,"date":"2023-02-04T13:09:13","date_gmt":"2023-02-04T13:09:13","guid":{"rendered":"https:\/\/inforequisitos.com\/es\/?page_id=4763"},"modified":"2023-02-04T13:10:41","modified_gmt":"2023-02-04T13:10:41","slug":"prestamos-sin-nomina","status":"publish","type":"page","link":"https:\/\/inforequisitos.com\/es\/prestamos\/prestamos-sin-nomina\/","title":{"rendered":"Pr\u00e9stamos sin n\u00f3mina"},"content":{"rendered":"\n<p>Hist\u00f3ricamente, <strong>solicitar un pr\u00e9stamo personal <\/strong>era poco menos que una misi\u00f3n imposible en el caso de no tener n\u00f3mina. La mayor\u00eda de las entidades bancarias tradicionales elud\u00edan a los clientes que no pudiesen demostrar unos <strong>ingresos mensuales regulares. <\/strong>De esta manera, se aseguraban en todo momento que el dinero prestado pudiese ser devuelto en los plazos indicados.<\/p>\n\n\n\n<h2>Listado de los mejores pr\u00e9stamos sin n\u00f3mina ni ingreso<\/h2>\n\n\n\n<p>Gracias a la irrupci\u00f3n de <strong>entidades especializadas<\/strong> en la aprobaci\u00f3n de pr\u00e9stamos sin n\u00f3mina, la situaci\u00f3n ha cambiado de manera considerable. Este tipo de compa\u00f1\u00edas se caracterizan por ser empresas que operan de <strong>manera 100% online.<\/strong> De este modo, es posible estudiar el mercado en profundidad con el objetivo de poder ofrecer pr\u00e9stamos sin n\u00f3mina sin riesgo. El \u00fanico documento que es necesario entregar es el <strong>DNI<\/strong> y, en cuesti\u00f3n de horas, podemos recibir una respuesta a nuestra solicitud. Una operan tan sencilla como atractiva.\u00a0<\/p>\n\n\n\n<h2><strong>\u00bfBuscador de pr\u00e9stamos sin n\u00f3mina? Conf\u00eda en nuestro comparador<\/strong><\/h2>\n\n\n\n<p>Si est\u00e1s buscando <strong>pr\u00e9stamos sin n\u00f3mina, <\/strong>probablemente te hayas dado cuenta que nos encontramos en un mercado especialmente saturado. La gran cantidad de ofertas que existen en torno a esta cuesti\u00f3n provocan que aquellos interesados en la contrataci\u00f3n de este tipo de servicios terminen por no saber discernir entre qu\u00e9 opci\u00f3n es mejor. <a href=\"https:\/\/www.vivus.es\/\" target=\"_blank\" rel=\"noopener\">Vivus<\/a> o <a href=\"https:\/\/www.creditea.es\/\" target=\"_blank\" rel=\"noopener\">Creditea<\/a> son los mejores ejemplos de ello. Por esta raz\u00f3n, y gracias a la irrupci\u00f3n de comparadores como el que puedes encontrar en esta p\u00e1gina web, acceder a todas las ofertas existentes en el mercado resulta m\u00e1s <strong>sencillo que nunca.<\/strong><\/p>\n\n\n\n<p>En nuestro<a href=\"https:\/\/inforequisitos.com\/es\/prestamos\/\" data-type=\"page\" data-id=\"4637\"> comparador de pr\u00e9stamos<\/a> llevamos a cabo una <strong>exploraci\u00f3n diaria <\/strong>en torno a las mejores opciones que nos ofrecen pr\u00e9stamos sin n\u00f3mina. Con independencia de la naturaleza de los mismos. \u00danicamente ofrecemos <strong>aquellas empresas <\/strong>que demuestran una larga trayectoria y experiencia. As\u00ed como todas las condiciones explicadas de manera detallada y clara.\u00a0<\/p>\n\n\n\n<p>Para poder encontrar uno de estos pr\u00e9stamos sin n\u00f3mina, es suficiente con acceder desde nuestro dispositivo m\u00f3vil a nuestra p\u00e1gina web. \u00danicamente debemos definir cu\u00e1les son nuestras necesidades y, de manera autom\u00e1tica, tendremos una <strong>gran cantidad de empresas<\/strong> a nuestro servicio.&nbsp;<\/p>\n\n\n\n<h2><strong>Cu\u00e1ndo conviene solicitar cr\u00e9ditos r\u00e1pidos sin n\u00f3mina<\/strong><\/h2>\n\n\n\n<p>No es conveniente&nbsp;<strong>solicitar pr\u00e9stamos sin n\u00f3mina<\/strong>&nbsp;sin tener en cuenta el objetivo final de la solicitud de tu cr\u00e9dito. Si buscas solventar el pago de la compra de un coche por ejemplo, este pr\u00e9stamo no ser\u00e1 el indicado.<\/p>\n\n\n\n<p>Sin embargo, existen varias situaciones en las que es pr\u00e1ctico solicitar pr\u00e9stamos sin n\u00f3mina. Aqu\u00ed te brindamos algunos ejemplos:<\/p>\n\n\n\n<ul>\n<li>Te gustar\u00eda ir de vacaciones al lugar de tus sue\u00f1os<\/li>\n\n\n\n<li>Quieres cambiar los muebles de la cocina o del sal\u00f3n<\/li>\n\n\n\n<li>Necesitas financiaci\u00f3n para pagar la matr\u00edcula de la universidad de tus hijos<\/li>\n\n\n\n<li>Quieres inscribirte en ese gimnasio tan completo y elegante<\/li>\n\n\n\n<li>Necesitas reparar una aver\u00eda en tu piso<\/li>\n\n\n\n<li>Necesitas una sesi\u00f3n de belleza o peluquer\u00eda que no puede esperar m\u00e1s<\/li>\n\n\n\n<li>Quieres comprarte ese vestido que siempre quisiste<\/li>\n\n\n\n<li>Quieres comprarte un electrodom\u00e9stico super \u00fatil que te ahorrar\u00e1 tiempo para cocinar o limpiar<\/li>\n\n\n\n<li>Se acerca el cumplea\u00f1os de tu pareja, hijo o amigo y quieres comprarle un regalo especial<\/li>\n\n\n\n<li>Necesitas renovar tu m\u00f3vil u ordenador, porque el que tienes ya est\u00e1 demasiado viejo y no funciona del todo bien<\/li>\n<\/ul>\n\n\n\n<h2><strong>\u00bfC\u00f3mo se solicitan los micro pr\u00e9stamos sin n\u00f3mina de forma online?<\/strong><\/h2>\n\n\n\n<p>Acceder a los pr\u00e9stamos sin n\u00f3mina es mucho m\u00e1s sencillo de lo que parece. Tal y como ya hemos mencionado previamente, \u00fanicamente necesitamos un <strong>dispositivo con conexi\u00f3n a internet<\/strong> para poder acceder a nuestro comparador. Una vez llevado a cabo el procedimiento, debemos definir <strong>cu\u00e1nto dinero necesitamos<\/strong> y en cu\u00e1nto tiempo vamos a ser capaces de devolverlo. En el caso de que no tengamos liquidez suficiente a consecuencia de haber sufrido un retraso en la n\u00f3mina, probablemente no sea necesario retrasar el pago m\u00e1s que unos cuantos d\u00edas.<\/p>\n\n\n\n<p>No obstante, en el caso de que hayamos sufrido un <strong>imprevisto econ\u00f3mico <\/strong>de mayores dimensiones, es mejor expandir la devoluci\u00f3n del pr\u00e9stamo durante una mayor cantidad de meses. Una vez hayamos decidido <strong>estos par\u00e1metros,<\/strong> debemos rellenar el formulario de la entidad por la que nos hayamos decantado para poder obtener los pr\u00e9stamos sin n\u00f3mina que necesitamos.&nbsp;<\/p>\n\n\n\n<p>Este <strong>formulario<\/strong> es muy sencillo de rellenar. En \u00e9l, debemos proporcionar nuestros datos a la entidad solicitada. De este modo, si resulta aprobada nuestra solicitud, no tendremos que aportar ning\u00fan tipo de solicitud extra. De manera paralela, tambi\u00e9n debes saber que nuestro informe en cuanto a la <strong>situaci\u00f3n del mercado actual <\/strong>te permitir\u00e1 escoger entre las diferentes opciones que existen. De este modo, siempre tendr\u00e1s la certeza de que tu pr\u00e9stamo es el mejor recursos que existe.<\/p>\n\n\n\n<h2><strong>Requisitos para obtener un pr\u00e9stamo sin n\u00f3mina<\/strong><\/h2>\n\n\n\n<p><strong>Solicitar pr\u00e9stamos sin n\u00f3mina o mini pr\u00e9stamos&nbsp;<\/strong>implica pedir una cantidad de dinero menor a la que podr\u00edas obtener solicitando pr\u00e9stamos personales. El monto m\u00ednimo que puedes solicitar es 100 \u20ac y el m\u00e1ximo es de hasta 1.000 \u20ac. Antes de solicitar este cr\u00e9dito aseg\u00farate de que es un pr\u00e9stamo adecuado para tus necesidades personales, ya que en caso de que necesites m\u00e1s de 1.000 \u20ac ser\u00e1 m\u00e1s conveniente solicitar un pr\u00e9stamo personal.<\/p>\n\n\n\n<p>A pesar de que no sea necesario presentar un contrato laboral o n\u00f3minas, debes asegurarte de poder devolverlo en el corto plazo, ya que los tiempos de devoluci\u00f3n son diferentes a los de los pr\u00e9stamos personales.<\/p>\n\n\n\n<p>La gran ventaja de estos&nbsp;<strong>pr\u00e9stamos personales r\u00e1pidos&nbsp;<\/strong>sin papeleos es que se pueden solicitar de manera online y una vez que se aprueba la solicitud, se transfiere el monto prestado en menos de 24 horas a tu cuenta bancaria.<\/p>\n\n\n\n<p>El formulario que debes completar para solicitar pr\u00e9stamos sin n\u00f3mina es muy sencillo y r\u00e1pido de rellenar y te llevar\u00e1 menos de 10 minutos. Estos son los campos solicitados:<\/p>\n\n\n\n<ul>\n<li>Nombre y apellidos<\/li>\n\n\n\n<li>Fecha de nacimiento<\/li>\n\n\n\n<li>DNI o NIE<\/li>\n\n\n\n<li>Informaci\u00f3n de contacto (tel\u00e9fono y direcci\u00f3n de correo electr\u00f3nico)<\/li>\n\n\n\n<li>Estado civil<\/li>\n\n\n\n<li>Educaci\u00f3n<\/li>\n<\/ul>\n\n\n\n<p>\u00a1Y listo! Es as\u00ed de f\u00e1cil solicitar\u00a0<strong>pr\u00e9stamos en 10 minutos sin papeleos<\/strong>.<\/p>\n\n\n\n<h2><strong>Financiaci\u00f3n online con microcr\u00e9ditos personales<\/strong><\/h2>\n\n\n\n<p>Inmersos en plena <strong>era de la digitalizaci\u00f3n,<\/strong> desde nuestra empresa hemos llevado a cabo un gran esfuerzo por ofrecer una plataforma sencilla, intuitiva y repleta de funcionalidades. Nuestra plataforma est\u00e1 especialmente pensada para que nuestros usuarios tengan en todo momento toda la informaci\u00f3n relativa a la cantidad solicitada, la fecha exacta de devoluci\u00f3n, el tipo de inter\u00e9s aplicado y las posibilidades de fraccionar el pago en diferentes cuotas. Los <strong>pr\u00e9stamos sin n\u00f3mina <\/strong>que puedes encontrar en nuestro comparador est\u00e1n especialmente seleccionados para que los usuarios tengan en todo momento la m\u00e1xima cantidad de informaci\u00f3n en su poder.&nbsp;<\/p>\n\n\n\n<p>A nivel de recomendaci\u00f3n general, como usuario debes estar seguro de que tienes la capacidad de devolver la cantidad que has solicitado. Es importante prestar atenci\u00f3n a este detalle. Puesto que en el caso de que tengamos alg\u00fan mes en el que no podemos hacer frente a la cuota, es posible que recibamos una <strong>sanci\u00f3n econ\u00f3mica<\/strong> y sus correspondientes intereses de demora. Encareciendo de manera considerable el pr\u00e9stamo total.\u00a0<\/p>\n\n\n\n<ul>\n<li>Encontrar cr\u00e9ditos que se adapten a tus necesidades econ\u00f3micas de una forma \u00e1gil y r\u00e1pida.<\/li>\n\n\n\n<li>Ahorrar mucho dinero en el proceso de gesti\u00f3n del pr\u00e9stamo seleccionado.<\/li>\n\n\n\n<li>No dejar escapar alg\u00fan tipo de promoci\u00f3n u oferta especial.<\/li>\n\n\n\n<li>Tener cubiertas todas tus urgencias y alguna necesidad a trav\u00e9s del pr\u00e9stamo m\u00e1s adecuado para ti<\/li>\n\n\n\n<li>Solicita tu cr\u00e9dito ahora y ten respuesta de forma r\u00e1pida y con grandes posibilidades de ser aprobado.<\/li>\n<\/ul>\n\n\n\n<h2><strong>La disponibilidad del pr\u00e9stamo inmediato<\/strong><\/h2>\n\n\n\n<p>Como sabes, una de las principales caracter\u00edsticas que se desprenden de este tipo de productos es lo relacionado con la agilidad que se desprende de todo este proceso. El pr\u00e9stamo inmediato tiene la capacidad de poder proporcionar al interesado el dinero solicitado en el mismo momento. En la mayor\u00eda de los casos, apenas unos cuantos minutos es suficiente para que tengamos una respuesta en torno a la aprobaci\u00f3n de los <strong>pr\u00e9stamos sin n\u00f3mina.<\/strong><\/p>\n\n\n\n<p>No obstante, es importante conocer que todas las solicitudes se analizan de manera personalizada. Por lo que dependiendo del <strong>volumen de peticiones,<\/strong> es posible que este proceso pueda llegar a alargarse durante unas cuantas horas. En cualquier caso, una vez se aprueba el pr\u00e9stamo, la transferencia se lleva a cabo de manera inmediata.<\/p>\n\n\n\n<p>Es responsabilidad de la <strong>entidad bancaria<\/strong> el tiempo que tarde en que el dinero se vea reflejado en nuestra cuenta bancaria de manera inmediata. En el caso de que la entidad emisora y la receptora sean diferentes, es posible que no podamos acceder al dinero solicitado hasta el d\u00eda siguiente. No obstante, esta situaci\u00f3n no depende de la entidad crediticia que ha sido la encargada de ofrecerte la financiaci\u00f3n que necesitas.&nbsp;<\/p>\n\n\n\n<p>Solicitar uno de estos <strong>pr\u00e9stamos sin n\u00f3mina<\/strong> se ha convertido en una de las v\u00edas de acceso m\u00e1s sencillas para obtener la financiaci\u00f3n necesaria. La gran cantidad de opciones que existen en el mercado actual provocan que el usuario pueda acceder a una gran cantidad de <strong>empresas susceptibles<\/strong> de llevar a cabo la aprobaci\u00f3n. No lo dudes m\u00e1s, conf\u00eda en el servicio que ofrecen estas empresas, y consigue el dinero r\u00e1pido siempre que lo necesites.<\/p>\n\n\n\n<h2><strong>Pr\u00e9stamos sin n\u00f3mina estando en ASNEF<\/strong><\/h2>\n\n\n\n<p>Como hemos comentado anteriormente, ASNEF es un registro de morosos en el que cada vez entran m\u00e1s personas. Es tan sencillo como tener un problema con nuestra compa\u00f1\u00eda de luz o agua y estaremos dentro. No obstante,&nbsp;<strong>estar en ASNEF no significa que no puedas obtener un pr\u00e9stamo r\u00e1pido<\/strong>, y en Necesito Dinero Urgente te ayudamos a conseguir las mejores ofertas. Exactamente igual ocurre con EQUIFAX o RAI.<\/p>\n\n\n\n<p>Por m\u00e1s de que figures en&nbsp;<strong>el fichero de morosos o ASNEF<\/strong>&nbsp;puedes solicitar cr\u00e9ditos r\u00e1pidos sin ingresos demostrables cuando quieras. No ocurre con cualquier prestamista, pero en Necesito Dinero Urgente tienes la posibilidad de hacerlo, porque entendemos que estas cosas pueden ocurrir, y estamos dispuestos a ayudarte en lo que necesites.&nbsp;<\/p>\n\n\n\n<p>Los requisitos para obtener un pr\u00e9stamo r\u00e1pido con un historial crediticio negativo:<\/p>\n\n\n\n<ul>\n<li>Que tu deuda no sea muy elevada<\/li>\n\n\n\n<li>Que tu deuda no provenga de otra entidad de cr\u00e9dito<\/li>\n<\/ul>\n\n\n\n<p>Si no cumples estas dos condiciones, otra opci\u00f3n para conseguir un pr\u00e9stamo con Asnef ser\u00e1 avalarlo con un bien, como puede ser nuestro coche o nuestra casa.<\/p>\n","protected":false},"excerpt":{"rendered":"<p>Hist\u00f3ricamente, solicitar un pr\u00e9stamo personal era poco menos que una misi\u00f3n imposible en el caso&hellip;<\/p>\n","protected":false},"author":1,"featured_media":0,"parent":4637,"menu_order":0,"comment_status":"closed","ping_status":"closed","template":"","meta":[],"featured_image_urls":{"full":"","thumbnail":"","medium":"","medium_large":"","large":"","1536x1536":"","2048x2048":"","post-thumbnail":"","side-thumbnail":""},"post_excerpt_stackable":"<p>Hist\u00f3ricamente, solicitar un pr\u00e9stamo personal era poco menos que una misi\u00f3n imposible en el caso de no tener n\u00f3mina. La mayor\u00eda de las entidades bancarias tradicionales elud\u00edan a los clientes que no pudiesen demostrar unos ingresos mensuales regulares. De esta manera, se aseguraban en todo momento que el dinero prestado pudiese ser devuelto en los plazos indicados. Listado de los mejores pr\u00e9stamos sin n\u00f3mina ni ingreso Gracias a la irrupci\u00f3n de entidades especializadas en la aprobaci\u00f3n de pr\u00e9stamos sin n\u00f3mina, la situaci\u00f3n ha cambiado de manera considerable. Este tipo de compa\u00f1\u00edas se caracterizan por ser empresas que operan de manera&hellip;<\/p>\n","category_list":"","author_info":{"name":"Info Requisitos","url":"https:\/\/inforequisitos.com\/es\/author\/inforeq89\/"},"comments_num":"0 comentarios","_links":{"self":[{"href":"https:\/\/inforequisitos.com\/es\/wp-json\/wp\/v2\/pages\/4763"}],"collection":[{"href":"https:\/\/inforequisitos.com\/es\/wp-json\/wp\/v2\/pages"}],"about":[{"href":"https:\/\/inforequisitos.com\/es\/wp-json\/wp\/v2\/types\/page"}],"author":[{"embeddable":true,"href":"https:\/\/inforequisitos.com\/es\/wp-json\/wp\/v2\/users\/1"}],"replies":[{"embeddable":true,"href":"https:\/\/inforequisitos.com\/es\/wp-json\/wp\/v2\/comments?post=4763"}],"version-history":[{"count":3,"href":"https:\/\/inforequisitos.com\/es\/wp-json\/wp\/v2\/pages\/4763\/revisions"}],"predecessor-version":[{"id":4870,"href":"https:\/\/inforequisitos.com\/es\/wp-json\/wp\/v2\/pages\/4763\/revisions\/4870"}],"up":[{"embeddable":true,"href":"https:\/\/inforequisitos.com\/es\/wp-json\/wp\/v2\/pages\/4637"}],"wp:attachment":[{"href":"https:\/\/inforequisitos.com\/es\/wp-json\/wp\/v2\/media?parent=4763"}],"curies":[{"name":"wp","href":"https:\/\/api.w.org\/{rel}","templated":true}]}}